{"id":298,"date":"2025-12-01T10:09:16","date_gmt":"2025-12-01T10:09:16","guid":{"rendered":"https:\/\/vracamsejerusalime.net\/?page_id=298"},"modified":"2025-12-08T12:38:33","modified_gmt":"2025-12-08T12:38:33","slug":"%d0%bf%d1%80%d0%b0%d0%b2%d0%be%d1%81%d0%bb%d0%b0%d0%b2%d0%bd%d0%b0-%d0%b8%d1%81%d1%82%d0%be%d1%87%d0%bd%d0%b0-%d0%b5%d0%b2%d1%80%d0%be%d0%bf%d0%b0","status":"publish","type":"page","link":"https:\/\/vracamsejerusalime.net\/en\/%d0%bf%d1%80%d0%b0%d0%b2%d0%be%d1%81%d0%bb%d0%b0%d0%b2%d0%bd%d0%b0-%d0%b8%d1%81%d1%82%d0%be%d1%87%d0%bd%d0%b0-%d0%b5%d0%b2%d1%80%d0%be%d0%bf%d0%b0\/","title":{"rendered":"Pravoslavna Isto\u010dna Evropa"},"content":{"rendered":"<div data-elementor-type=\"wp-page\" data-elementor-id=\"298\" class=\"elementor elementor-298\" data-elementor-post-type=\"page\">\n\t\t\t\t<div class=\"elementor-element elementor-element-7275352 e-con-full e-flex e-con e-parent\" data-id=\"7275352\" data-element_type=\"container\" data-e-type=\"container\" data-settings=\"{&quot;background_background&quot;:&quot;classic&quot;}\">\n\t\t<div class=\"elementor-element elementor-element-b2c6dd9 e-con-full e-flex e-con e-child\" data-id=\"b2c6dd9\" data-element_type=\"container\" data-e-type=\"container\" data-settings=\"{&quot;background_background&quot;:&quot;classic&quot;}\">\n\t\t<div class=\"elementor-element elementor-element-6b90948 e-con-full e-flex e-con e-child\" data-id=\"6b90948\" data-element_type=\"container\" data-e-type=\"container\">\n\t\t\t\t<div class=\"elementor-element elementor-element-a40fcef elementor-widget elementor-widget-image\" data-id=\"a40fcef\" data-element_type=\"widget\" data-e-type=\"widget\" data-widget_type=\"image.default\">\n\t\t\t\t\t\t\t\t\t\t\t\t\t\t\t<img fetchpriority=\"high\" decoding=\"async\" width=\"300\" height=\"300\" src=\"https:\/\/vracamsejerusalime.net\/wp-content\/uploads\/2025\/11\/Ruski-krst-300x300.png\" class=\"attachment-medium size-medium wp-image-83\" alt=\"\" srcset=\"https:\/\/vracamsejerusalime.net\/wp-content\/uploads\/2025\/11\/Ruski-krst-300x300.png 300w, https:\/\/vracamsejerusalime.net\/wp-content\/uploads\/2025\/11\/Ruski-krst-150x150.png 150w, https:\/\/vracamsejerusalime.net\/wp-content\/uploads\/2025\/11\/Ruski-krst.png 500w\" sizes=\"(max-width: 300px) 100vw, 300px\" \/>\t\t\t\t\t\t\t\t\t\t\t\t\t\t\t<\/div>\n\t\t\t\t<\/div>\n\t\t<div class=\"elementor-element elementor-element-16b9d21 e-con-full e-flex e-con e-child\" data-id=\"16b9d21\" data-element_type=\"container\" data-e-type=\"container\">\n\t\t\t\t<div class=\"elementor-element elementor-element-ebdad1e elementor-widget elementor-widget-heading\" data-id=\"ebdad1e\" data-element_type=\"widget\" data-e-type=\"widget\" data-widget_type=\"heading.default\">\n\t\t\t\t\t<h2 class=\"elementor-heading-title elementor-size-default\">ORTHODOX EASTERN EUROPE<\/h2>\t\t\t\t<\/div>\n\t\t\t\t<div class=\"elementor-element elementor-element-c0985e7 elementor-widget__width-inherit elementor-widget elementor-widget-text-editor\" data-id=\"c0985e7\" data-element_type=\"widget\" data-e-type=\"widget\" data-widget_type=\"text-editor.default\">\n\t\t\t\t\t\t\t\t\t<h2><strong>RUSSIA<\/strong><\/h2><p>Orthodoxy in Russia has been alive since the holy baptism of Prince Vladimir in 988 and over the centuries has become the very heart of the Russian soul. More than 70 million Orthodox Christians live in Russia. The greatness and depth of Russian spirituality is reflected in its holy monasteries, temples and miraculous icons that attract millions of pilgrims. In Moscow, the magnificent <strong>Cathedral of Christ the Savior<\/strong>, and not far away, in Sergiyev Posad, stands one of the greatest spiritual centers of Orthodoxy: <strong>Trinity-Sergius Lavra<\/strong>, a place where they rest <strong>relics<\/strong> <strong>Saint Sergius of Radonezh<\/strong>.A special place in the hearts of believers is held by: <strong>Diveyevo, with the Holy Canal of the Most Holy Theotokos and the relics of Saint Matrona, Pskov-Pechorsky Monastery<\/strong>, known for the incorruptible relics of many saints, <strong>Valaam monastery<\/strong> in the middle of wild Lake Ladoga, whose song still sounds like the voice of an angel, <strong>Solovetsky Monastery<\/strong> \u2013 an ancient center of asceticism, suffering, and testimony of living faith. Whoever visits Russia will feel how prayer melts with the snow and rises to God.<\/p><h2><strong>UKRAINE<\/strong><\/h2><p>Ukraine, with 30-35 million Orthodox believers) is the country where the first tree of East Slavic Christianity grew - Kievan Rus. Here, every stone is soaked with prayer, and the rivers with the waves of history. The greatest holy places of Orthodoxy are located here: <strong>Kiev-Pechersk Lavra,<\/strong> with catacombs where the incorruptible relics of more than a hundred ascetics rest, <strong>Pochaev Lavra,<\/strong> famous for its miraculous icon <strong>The Most Holy Theotokos of Pochaev and the feet of the Mother of God<\/strong> which miraculously remained on the stone. Although the country is going through suffering, its holy places still shine like light in the darkness. Whoever comes to Ukraine will feel the prayer that lives despite everything \u2014 the prayer that heals and calms.<\/p><h2><strong>BELARUS<\/strong><\/h2><p>Belarus is a quiet and pious country where Orthodoxy is deeply rooted (7-8 million Orthodox believers). Ancient monasteries and sanctuaries, surrounded by forests and rivers, exude a sense of peace. The most famous shrines are: <strong>\u017dirovi\u010dka monastery, with a miraculous icon of the Virgin of \u017dirovi\u010dka<\/strong>, one of the most respected in the Slavic world, <strong>St. Elizabeth&#039;s Monastery in Minsk<\/strong>, known for its vibrant monastic community and great missionary work, numerous <strong>old churches in Polotsk and Grodno<\/strong>, where for centuries the sanctuaries of the meek and humble people of Belarus have sprouted. Orthodox Christians are the majority, but they often live under administrative pressure \u2014 as silent confessors of the faith.<\/p><h2><strong>MOLDOVA<\/strong><\/h2><p>Moldova, a land of gentle hills and fertile valleys, has preserved Orthodoxy as its greatest treasure since ancient times. Here, monasteries are like fortresses of faith, decorated with frescoes and prayers that have not faded for centuries. The most famous spiritual pearls are: <strong>Monastery of Capriana,<\/strong> one of the oldest, where the saint of the Moldavian land served \u2014 <strong>Saint Stephen the Great, Kurki Monastery,<\/strong> Calm and quiet in their valley, the ancient monasteries of the Orhei region, surrounded by nature reminiscent of the Holy Land. Political divisions sometimes stir the waters, but prayer in these sanctuaries remains holy and pure.<\/p><h2><strong>LATVIA<\/strong><\/h2><p>In Latvia, Orthodoxy is practiced by many Russian, Belarusian, and Ukrainian families who have lived there for centuries. Although a minority, their faith is strong and vibrant. The heart of Orthodoxy in this country is: <strong>Holy Trinity Cathedral in Riga<\/strong>, a magnificent temple with a rich history, and throughout the country there are several monasteries and old churches that testify to the quiet but deep piety of Orthodox Latvians.<\/p><h2><strong>ESTONIA<\/strong><\/h2><p>Estonia is a small but spiritually rich country. Its shrines are like pearls scattered across northern Europe. The most significant shrine is: <strong>Alexander Nevsky Cathedral in Tallinn<\/strong>, towering on Toompea Hill, with miraculous icons and lively services, as well as numerous 19th-century Russian churches that bear witness to the history, suffering, and durability of Orthodoxy. The Orthodox here live within two jurisdictions, but their faith unites them \u2014 like candles burning with the same flame.<\/p><h2><strong>LITHUANIA<\/strong><\/h2><p>Lithuania, a land of deep forests and ancient fortresses, preserves its Orthodox holy sites with reverence. The most significant among them are: <strong>Cathedral of the Holy Mother of God in Vilnius,<\/strong> ancient <strong>Church of the Holy Trinity, where the relics of the Holy Three Vilnius Martyrs \u2014 Anthony, John and Eustathius \u2014 rest,<\/strong> numerous parishes in Klaipeda and Visaginas, where the Orthodox live together and devoutly. A minority, but peaceful, they are witnesses of faith in a secular world.<\/p><p><strong>\u00a0<\/strong><\/p>\t\t\t\t\t\t\t\t<\/div>\n\t\t\t\t<\/div>\n\t\t\t\t<\/div>\n\t\t\t\t<\/div>\n\t\t\t\t<\/div>","protected":false},"excerpt":{"rendered":"<p>\u041f\u0420\u0410\u0412\u041e\u0421\u041b\u0410\u0412\u041d\u0410 \u0418\u0421\u0422\u041e\u0427\u041d\u0410 \u0415\u0412\u0420\u041e\u041f\u0410 \u0420\u0423\u0421\u0418\u0408\u0410 \u041f\u0440\u0430\u0432\u043e\u0441\u043b\u0430\u0432\u0459\u0435 \u0443 \u0420\u0443\u0441\u0438\u0458\u0438 \u0436\u0438\u0432\u0438 \u043e\u0434 \u0441\u0432\u0435\u0442\u043e\u0433 \u043a\u0440\u0448\u0442\u0435\u045a\u0430 \u043a\u043d\u0435\u0437\u0430 \u0412\u043b\u0430\u0434\u0438\u043c\u0438\u0440\u0430 988. \u0433\u043e\u0434\u0438\u043d\u0435 \u0438 \u043a\u0440\u043e\u0437 \u0432\u0438\u0458\u0435\u043a\u043e\u0432\u0435 \u0458\u0435 \u043f\u043e\u0441\u0442\u0430\u043b\u043e \u0441\u0430\u043c\u043e \u0441\u0440\u0446\u0435 \u0440\u0443\u0441\u043a\u0435 \u0434\u0443\u0448\u0435. \u0423 \u0420\u0443\u0441\u0438\u0458\u0438 \u0436\u0438\u0432\u0438 \u0432\u0438\u0448\u0435 \u043e\u0434 70 \u043c\u0438\u043b\u0438\u043e\u043d\u0430 \u043f\u0440\u0430\u0432\u043e\u0441\u043b\u0430\u0432\u043d\u0438\u0445 \u0445\u0440\u0438\u0448\u045b\u0430\u043d\u0430. \u0412\u0435\u043b\u0438\u0447\u0438\u043d\u0430 \u0438 \u0434\u0443\u0431\u0438\u043d\u0430 \u0440\u0443\u0441\u043a\u0435 \u0434\u0443\u0445\u043e\u0432\u043d\u043e\u0441\u0442\u0438 \u043e\u0433\u043b\u0435\u0434\u0430 \u0441\u0435 \u0443 \u045a\u0435\u043d\u0438\u043c \u0441\u0432\u0435\u0442\u0438\u043c \u043e\u0431\u0438\u0442\u0435\u0459\u0438\u043c\u0430, \u0445\u0440\u0430\u043c\u043e\u0432\u0438\u043c\u0430 \u0438 \u0447\u0443\u0434\u043e\u0442\u0432\u043e\u0440\u043d\u0438\u043c \u0438\u043a\u043e\u043d\u0430\u043c\u0430 \u043a\u043e\u0458\u0435 \u043f\u0440\u0438\u0432\u043b\u0430\u0447\u0435 \u043c\u0438\u043b\u0438\u043e\u043d\u0435 \u0445\u043e\u0434\u043e\u0447\u0430\u0441\u043d\u0438\u043a\u0430. \u0423 \u041c\u043e\u0441\u043a\u0432\u0438, \u0431\u043b\u0438\u0441\u0442\u0430 [&hellip;]<\/p>\n","protected":false},"author":1,"featured_media":0,"parent":0,"menu_order":0,"comment_status":"closed","ping_status":"closed","template":"elementor_canvas","meta":{"_acf_changed":false,"footnotes":""},"class_list":["post-298","page","type-page","status-publish","hentry"],"acf":[],"yoast_head":"<!-- This site is optimized with the Yoast SEO plugin v27.4 - https:\/\/yoast.com\/product\/yoast-seo-wordpress\/ -->\n<title>Pravoslavna Isto\u010dna Evropa - vracamsejerusalime.net<\/title>\n<meta name=\"robots\" content=\"index, follow, max-snippet:-1, max-image-preview:large, max-video-preview:-1\" \/>\n<link rel=\"canonical\" href=\"https:\/\/vracamsejerusalime.net\/en\/\u043f\u0440\u0430\u0432\u043e\u0441\u043b\u0430\u0432\u043d\u0430-\u0438\u0441\u0442\u043e\u0447\u043d\u0430-\u0435\u0432\u0440\u043e\u043f\u0430\/\" \/>\n<meta property=\"og:locale\" content=\"en_GB\" \/>\n<meta property=\"og:type\" content=\"article\" \/>\n<meta property=\"og:title\" content=\"Pravoslavna Isto\u010dna Evropa - vracamsejerusalime.net\" \/>\n<meta property=\"og:description\" content=\"\u041f\u0420\u0410\u0412\u041e\u0421\u041b\u0410\u0412\u041d\u0410 \u0418\u0421\u0422\u041e\u0427\u041d\u0410 \u0415\u0412\u0420\u041e\u041f\u0410 \u0420\u0423\u0421\u0418\u0408\u0410 \u041f\u0440\u0430\u0432\u043e\u0441\u043b\u0430\u0432\u0459\u0435 \u0443 \u0420\u0443\u0441\u0438\u0458\u0438 \u0436\u0438\u0432\u0438 \u043e\u0434 \u0441\u0432\u0435\u0442\u043e\u0433 \u043a\u0440\u0448\u0442\u0435\u045a\u0430 \u043a\u043d\u0435\u0437\u0430 \u0412\u043b\u0430\u0434\u0438\u043c\u0438\u0440\u0430 988. \u0433\u043e\u0434\u0438\u043d\u0435 \u0438 \u043a\u0440\u043e\u0437 \u0432\u0438\u0458\u0435\u043a\u043e\u0432\u0435 \u0458\u0435 \u043f\u043e\u0441\u0442\u0430\u043b\u043e \u0441\u0430\u043c\u043e \u0441\u0440\u0446\u0435 \u0440\u0443\u0441\u043a\u0435 \u0434\u0443\u0448\u0435. \u0423 \u0420\u0443\u0441\u0438\u0458\u0438 \u0436\u0438\u0432\u0438 \u0432\u0438\u0448\u0435 \u043e\u0434 70 \u043c\u0438\u043b\u0438\u043e\u043d\u0430 \u043f\u0440\u0430\u0432\u043e\u0441\u043b\u0430\u0432\u043d\u0438\u0445 \u0445\u0440\u0438\u0448\u045b\u0430\u043d\u0430. \u0412\u0435\u043b\u0438\u0447\u0438\u043d\u0430 \u0438 \u0434\u0443\u0431\u0438\u043d\u0430 \u0440\u0443\u0441\u043a\u0435 \u0434\u0443\u0445\u043e\u0432\u043d\u043e\u0441\u0442\u0438 \u043e\u0433\u043b\u0435\u0434\u0430 \u0441\u0435 \u0443 \u045a\u0435\u043d\u0438\u043c \u0441\u0432\u0435\u0442\u0438\u043c \u043e\u0431\u0438\u0442\u0435\u0459\u0438\u043c\u0430, \u0445\u0440\u0430\u043c\u043e\u0432\u0438\u043c\u0430 \u0438 \u0447\u0443\u0434\u043e\u0442\u0432\u043e\u0440\u043d\u0438\u043c \u0438\u043a\u043e\u043d\u0430\u043c\u0430 \u043a\u043e\u0458\u0435 \u043f\u0440\u0438\u0432\u043b\u0430\u0447\u0435 \u043c\u0438\u043b\u0438\u043e\u043d\u0435 \u0445\u043e\u0434\u043e\u0447\u0430\u0441\u043d\u0438\u043a\u0430. \u0423 \u041c\u043e\u0441\u043a\u0432\u0438, \u0431\u043b\u0438\u0441\u0442\u0430 [&hellip;]\" \/>\n<meta property=\"og:url\" content=\"https:\/\/vracamsejerusalime.net\/en\/\u043f\u0440\u0430\u0432\u043e\u0441\u043b\u0430\u0432\u043d\u0430-\u0438\u0441\u0442\u043e\u0447\u043d\u0430-\u0435\u0432\u0440\u043e\u043f\u0430\/\" \/>\n<meta property=\"og:site_name\" content=\"vracamsejerusalime.net\" \/>\n<meta property=\"article:publisher\" content=\"https:\/\/www.youtube.com\/@vracamsejerusalime2025\" \/>\n<meta property=\"article:modified_time\" content=\"2025-12-08T12:38:33+00:00\" \/>\n<meta property=\"og:image\" content=\"https:\/\/vracamsejerusalime.net\/wp-content\/uploads\/2025\/11\/Ruski-krst.png\" \/>\n\t<meta property=\"og:image:width\" content=\"500\" \/>\n\t<meta property=\"og:image:height\" content=\"500\" \/>\n\t<meta property=\"og:image:type\" content=\"image\/png\" \/>\n<meta name=\"twitter:card\" content=\"summary_large_image\" \/>\n<meta name=\"twitter:label1\" content=\"Estimated reading time\" \/>\n\t<meta name=\"twitter:data1\" content=\"4 minutes\" \/>\n<script type=\"application\/ld+json\" class=\"yoast-schema-graph\">{\"@context\":\"https:\\\/\\\/schema.org\",\"@graph\":[{\"@type\":\"WebPage\",\"@id\":\"https:\\\/\\\/vracamsejerusalime.net\\\/%d0%bf%d1%80%d0%b0%d0%b2%d0%be%d1%81%d0%bb%d0%b0%d0%b2%d0%bd%d0%b0-%d0%b8%d1%81%d1%82%d0%be%d1%87%d0%bd%d0%b0-%d0%b5%d0%b2%d1%80%d0%be%d0%bf%d0%b0\\\/\",\"url\":\"https:\\\/\\\/vracamsejerusalime.net\\\/%d0%bf%d1%80%d0%b0%d0%b2%d0%be%d1%81%d0%bb%d0%b0%d0%b2%d0%bd%d0%b0-%d0%b8%d1%81%d1%82%d0%be%d1%87%d0%bd%d0%b0-%d0%b5%d0%b2%d1%80%d0%be%d0%bf%d0%b0\\\/\",\"name\":\"Pravoslavna Isto\u010dna Evropa - vracamsejerusalime.net\",\"isPartOf\":{\"@id\":\"https:\\\/\\\/vracamsejerusalime.net\\\/#website\"},\"primaryImageOfPage\":{\"@id\":\"https:\\\/\\\/vracamsejerusalime.net\\\/%d0%bf%d1%80%d0%b0%d0%b2%d0%be%d1%81%d0%bb%d0%b0%d0%b2%d0%bd%d0%b0-%d0%b8%d1%81%d1%82%d0%be%d1%87%d0%bd%d0%b0-%d0%b5%d0%b2%d1%80%d0%be%d0%bf%d0%b0\\\/#primaryimage\"},\"image\":{\"@id\":\"https:\\\/\\\/vracamsejerusalime.net\\\/%d0%bf%d1%80%d0%b0%d0%b2%d0%be%d1%81%d0%bb%d0%b0%d0%b2%d0%bd%d0%b0-%d0%b8%d1%81%d1%82%d0%be%d1%87%d0%bd%d0%b0-%d0%b5%d0%b2%d1%80%d0%be%d0%bf%d0%b0\\\/#primaryimage\"},\"thumbnailUrl\":\"https:\\\/\\\/vracamsejerusalime.net\\\/wp-content\\\/uploads\\\/2025\\\/11\\\/Ruski-krst-300x300.png\",\"datePublished\":\"2025-12-01T10:09:16+00:00\",\"dateModified\":\"2025-12-08T12:38:33+00:00\",\"breadcrumb\":{\"@id\":\"https:\\\/\\\/vracamsejerusalime.net\\\/%d0%bf%d1%80%d0%b0%d0%b2%d0%be%d1%81%d0%bb%d0%b0%d0%b2%d0%bd%d0%b0-%d0%b8%d1%81%d1%82%d0%be%d1%87%d0%bd%d0%b0-%d0%b5%d0%b2%d1%80%d0%be%d0%bf%d0%b0\\\/#breadcrumb\"},\"inLanguage\":\"en-GB\",\"potentialAction\":[{\"@type\":\"ReadAction\",\"target\":[\"https:\\\/\\\/vracamsejerusalime.net\\\/%d0%bf%d1%80%d0%b0%d0%b2%d0%be%d1%81%d0%bb%d0%b0%d0%b2%d0%bd%d0%b0-%d0%b8%d1%81%d1%82%d0%be%d1%87%d0%bd%d0%b0-%d0%b5%d0%b2%d1%80%d0%be%d0%bf%d0%b0\\\/\"]}]},{\"@type\":\"ImageObject\",\"inLanguage\":\"en-GB\",\"@id\":\"https:\\\/\\\/vracamsejerusalime.net\\\/%d0%bf%d1%80%d0%b0%d0%b2%d0%be%d1%81%d0%bb%d0%b0%d0%b2%d0%bd%d0%b0-%d0%b8%d1%81%d1%82%d0%be%d1%87%d0%bd%d0%b0-%d0%b5%d0%b2%d1%80%d0%be%d0%bf%d0%b0\\\/#primaryimage\",\"url\":\"https:\\\/\\\/vracamsejerusalime.net\\\/wp-content\\\/uploads\\\/2025\\\/11\\\/Ruski-krst-300x300.png\",\"contentUrl\":\"https:\\\/\\\/vracamsejerusalime.net\\\/wp-content\\\/uploads\\\/2025\\\/11\\\/Ruski-krst-300x300.png\"},{\"@type\":\"BreadcrumbList\",\"@id\":\"https:\\\/\\\/vracamsejerusalime.net\\\/%d0%bf%d1%80%d0%b0%d0%b2%d0%be%d1%81%d0%bb%d0%b0%d0%b2%d0%bd%d0%b0-%d0%b8%d1%81%d1%82%d0%be%d1%87%d0%bd%d0%b0-%d0%b5%d0%b2%d1%80%d0%be%d0%bf%d0%b0\\\/#breadcrumb\",\"itemListElement\":[{\"@type\":\"ListItem\",\"position\":1,\"name\":\"Home\",\"item\":\"https:\\\/\\\/vracamsejerusalime.net\\\/\"},{\"@type\":\"ListItem\",\"position\":2,\"name\":\"Pravoslavna Isto\u010dna Evropa\"}]},{\"@type\":\"WebSite\",\"@id\":\"https:\\\/\\\/vracamsejerusalime.net\\\/#website\",\"url\":\"https:\\\/\\\/vracamsejerusalime.net\\\/\",\"name\":\"vracamsejerusalime.net\",\"description\":\"\u0425\u043e\u0434\u043e\u0447\u0430\u0441\u043d\u0438\u0447\u043a\u043e \u0441\u0432\u0435\u0442\u043e\u0441\u0430\u0432\u0441\u043a\u043e \u0443\u0434\u0440\u0443\u0436\u0435\u045a\u0435\",\"publisher\":{\"@id\":\"https:\\\/\\\/vracamsejerusalime.net\\\/#organization\"},\"potentialAction\":[{\"@type\":\"SearchAction\",\"target\":{\"@type\":\"EntryPoint\",\"urlTemplate\":\"https:\\\/\\\/vracamsejerusalime.net\\\/?s={search_term_string}\"},\"query-input\":{\"@type\":\"PropertyValueSpecification\",\"valueRequired\":true,\"valueName\":\"search_term_string\"}}],\"inLanguage\":\"en-GB\"},{\"@type\":\"Organization\",\"@id\":\"https:\\\/\\\/vracamsejerusalime.net\\\/#organization\",\"name\":\"vracamsejerusalime.net\",\"url\":\"https:\\\/\\\/vracamsejerusalime.net\\\/\",\"logo\":{\"@type\":\"ImageObject\",\"inLanguage\":\"en-GB\",\"@id\":\"https:\\\/\\\/vracamsejerusalime.net\\\/#\\\/schema\\\/logo\\\/image\\\/\",\"url\":\"https:\\\/\\\/vracamsejerusalime.net\\\/wp-content\\\/uploads\\\/2025\\\/12\\\/Logo-sajt.png\",\"contentUrl\":\"https:\\\/\\\/vracamsejerusalime.net\\\/wp-content\\\/uploads\\\/2025\\\/12\\\/Logo-sajt.png\",\"width\":500,\"height\":500,\"caption\":\"vracamsejerusalime.net\"},\"image\":{\"@id\":\"https:\\\/\\\/vracamsejerusalime.net\\\/#\\\/schema\\\/logo\\\/image\\\/\"},\"sameAs\":[\"https:\\\/\\\/www.youtube.com\\\/@vracamsejerusalime2025\",\"https:\\\/\\\/www.instagram.com\\\/vracam.se.jerusalime\\\/\"]}]}<\/script>\n<!-- \/ Yoast SEO plugin. -->","yoast_head_json":{"title":"Pravoslavna Isto\u010dna Evropa - vracamsejerusalime.net","robots":{"index":"index","follow":"follow","max-snippet":"max-snippet:-1","max-image-preview":"max-image-preview:large","max-video-preview":"max-video-preview:-1"},"canonical":"https:\/\/vracamsejerusalime.net\/en\/\u043f\u0440\u0430\u0432\u043e\u0441\u043b\u0430\u0432\u043d\u0430-\u0438\u0441\u0442\u043e\u0447\u043d\u0430-\u0435\u0432\u0440\u043e\u043f\u0430\/","og_locale":"en_GB","og_type":"article","og_title":"Pravoslavna Isto\u010dna Evropa - vracamsejerusalime.net","og_description":"\u041f\u0420\u0410\u0412\u041e\u0421\u041b\u0410\u0412\u041d\u0410 \u0418\u0421\u0422\u041e\u0427\u041d\u0410 \u0415\u0412\u0420\u041e\u041f\u0410 \u0420\u0423\u0421\u0418\u0408\u0410 \u041f\u0440\u0430\u0432\u043e\u0441\u043b\u0430\u0432\u0459\u0435 \u0443 \u0420\u0443\u0441\u0438\u0458\u0438 \u0436\u0438\u0432\u0438 \u043e\u0434 \u0441\u0432\u0435\u0442\u043e\u0433 \u043a\u0440\u0448\u0442\u0435\u045a\u0430 \u043a\u043d\u0435\u0437\u0430 \u0412\u043b\u0430\u0434\u0438\u043c\u0438\u0440\u0430 988. \u0433\u043e\u0434\u0438\u043d\u0435 \u0438 \u043a\u0440\u043e\u0437 \u0432\u0438\u0458\u0435\u043a\u043e\u0432\u0435 \u0458\u0435 \u043f\u043e\u0441\u0442\u0430\u043b\u043e \u0441\u0430\u043c\u043e \u0441\u0440\u0446\u0435 \u0440\u0443\u0441\u043a\u0435 \u0434\u0443\u0448\u0435. \u0423 \u0420\u0443\u0441\u0438\u0458\u0438 \u0436\u0438\u0432\u0438 \u0432\u0438\u0448\u0435 \u043e\u0434 70 \u043c\u0438\u043b\u0438\u043e\u043d\u0430 \u043f\u0440\u0430\u0432\u043e\u0441\u043b\u0430\u0432\u043d\u0438\u0445 \u0445\u0440\u0438\u0448\u045b\u0430\u043d\u0430. \u0412\u0435\u043b\u0438\u0447\u0438\u043d\u0430 \u0438 \u0434\u0443\u0431\u0438\u043d\u0430 \u0440\u0443\u0441\u043a\u0435 \u0434\u0443\u0445\u043e\u0432\u043d\u043e\u0441\u0442\u0438 \u043e\u0433\u043b\u0435\u0434\u0430 \u0441\u0435 \u0443 \u045a\u0435\u043d\u0438\u043c \u0441\u0432\u0435\u0442\u0438\u043c \u043e\u0431\u0438\u0442\u0435\u0459\u0438\u043c\u0430, \u0445\u0440\u0430\u043c\u043e\u0432\u0438\u043c\u0430 \u0438 \u0447\u0443\u0434\u043e\u0442\u0432\u043e\u0440\u043d\u0438\u043c \u0438\u043a\u043e\u043d\u0430\u043c\u0430 \u043a\u043e\u0458\u0435 \u043f\u0440\u0438\u0432\u043b\u0430\u0447\u0435 \u043c\u0438\u043b\u0438\u043e\u043d\u0435 \u0445\u043e\u0434\u043e\u0447\u0430\u0441\u043d\u0438\u043a\u0430. \u0423 \u041c\u043e\u0441\u043a\u0432\u0438, \u0431\u043b\u0438\u0441\u0442\u0430 [&hellip;]","og_url":"https:\/\/vracamsejerusalime.net\/en\/\u043f\u0440\u0430\u0432\u043e\u0441\u043b\u0430\u0432\u043d\u0430-\u0438\u0441\u0442\u043e\u0447\u043d\u0430-\u0435\u0432\u0440\u043e\u043f\u0430\/","og_site_name":"vracamsejerusalime.net","article_publisher":"https:\/\/www.youtube.com\/@vracamsejerusalime2025","article_modified_time":"2025-12-08T12:38:33+00:00","og_image":[{"width":500,"height":500,"url":"https:\/\/vracamsejerusalime.net\/wp-content\/uploads\/2025\/11\/Ruski-krst.png","type":"image\/png"}],"twitter_card":"summary_large_image","twitter_misc":{"Estimated reading time":"4 minutes"},"schema":{"@context":"https:\/\/schema.org","@graph":[{"@type":"WebPage","@id":"https:\/\/vracamsejerusalime.net\/%d0%bf%d1%80%d0%b0%d0%b2%d0%be%d1%81%d0%bb%d0%b0%d0%b2%d0%bd%d0%b0-%d0%b8%d1%81%d1%82%d0%be%d1%87%d0%bd%d0%b0-%d0%b5%d0%b2%d1%80%d0%be%d0%bf%d0%b0\/","url":"https:\/\/vracamsejerusalime.net\/%d0%bf%d1%80%d0%b0%d0%b2%d0%be%d1%81%d0%bb%d0%b0%d0%b2%d0%bd%d0%b0-%d0%b8%d1%81%d1%82%d0%be%d1%87%d0%bd%d0%b0-%d0%b5%d0%b2%d1%80%d0%be%d0%bf%d0%b0\/","name":"Pravoslavna Isto\u010dna Evropa - vracamsejerusalime.net","isPartOf":{"@id":"https:\/\/vracamsejerusalime.net\/#website"},"primaryImageOfPage":{"@id":"https:\/\/vracamsejerusalime.net\/%d0%bf%d1%80%d0%b0%d0%b2%d0%be%d1%81%d0%bb%d0%b0%d0%b2%d0%bd%d0%b0-%d0%b8%d1%81%d1%82%d0%be%d1%87%d0%bd%d0%b0-%d0%b5%d0%b2%d1%80%d0%be%d0%bf%d0%b0\/#primaryimage"},"image":{"@id":"https:\/\/vracamsejerusalime.net\/%d0%bf%d1%80%d0%b0%d0%b2%d0%be%d1%81%d0%bb%d0%b0%d0%b2%d0%bd%d0%b0-%d0%b8%d1%81%d1%82%d0%be%d1%87%d0%bd%d0%b0-%d0%b5%d0%b2%d1%80%d0%be%d0%bf%d0%b0\/#primaryimage"},"thumbnailUrl":"https:\/\/vracamsejerusalime.net\/wp-content\/uploads\/2025\/11\/Ruski-krst-300x300.png","datePublished":"2025-12-01T10:09:16+00:00","dateModified":"2025-12-08T12:38:33+00:00","breadcrumb":{"@id":"https:\/\/vracamsejerusalime.net\/%d0%bf%d1%80%d0%b0%d0%b2%d0%be%d1%81%d0%bb%d0%b0%d0%b2%d0%bd%d0%b0-%d0%b8%d1%81%d1%82%d0%be%d1%87%d0%bd%d0%b0-%d0%b5%d0%b2%d1%80%d0%be%d0%bf%d0%b0\/#breadcrumb"},"inLanguage":"en-GB","potentialAction":[{"@type":"ReadAction","target":["https:\/\/vracamsejerusalime.net\/%d0%bf%d1%80%d0%b0%d0%b2%d0%be%d1%81%d0%bb%d0%b0%d0%b2%d0%bd%d0%b0-%d0%b8%d1%81%d1%82%d0%be%d1%87%d0%bd%d0%b0-%d0%b5%d0%b2%d1%80%d0%be%d0%bf%d0%b0\/"]}]},{"@type":"ImageObject","inLanguage":"en-GB","@id":"https:\/\/vracamsejerusalime.net\/%d0%bf%d1%80%d0%b0%d0%b2%d0%be%d1%81%d0%bb%d0%b0%d0%b2%d0%bd%d0%b0-%d0%b8%d1%81%d1%82%d0%be%d1%87%d0%bd%d0%b0-%d0%b5%d0%b2%d1%80%d0%be%d0%bf%d0%b0\/#primaryimage","url":"https:\/\/vracamsejerusalime.net\/wp-content\/uploads\/2025\/11\/Ruski-krst-300x300.png","contentUrl":"https:\/\/vracamsejerusalime.net\/wp-content\/uploads\/2025\/11\/Ruski-krst-300x300.png"},{"@type":"BreadcrumbList","@id":"https:\/\/vracamsejerusalime.net\/%d0%bf%d1%80%d0%b0%d0%b2%d0%be%d1%81%d0%bb%d0%b0%d0%b2%d0%bd%d0%b0-%d0%b8%d1%81%d1%82%d0%be%d1%87%d0%bd%d0%b0-%d0%b5%d0%b2%d1%80%d0%be%d0%bf%d0%b0\/#breadcrumb","itemListElement":[{"@type":"ListItem","position":1,"name":"Home","item":"https:\/\/vracamsejerusalime.net\/"},{"@type":"ListItem","position":2,"name":"Pravoslavna Isto\u010dna Evropa"}]},{"@type":"WebSite","@id":"https:\/\/vracamsejerusalime.net\/#website","url":"https:\/\/vracamsejerusalime.net\/","name":"vracamsejerusalem.net","description":"Saint Sava Pilgrimage Association","publisher":{"@id":"https:\/\/vracamsejerusalime.net\/#organization"},"potentialAction":[{"@type":"SearchAction","target":{"@type":"EntryPoint","urlTemplate":"https:\/\/vracamsejerusalime.net\/?s={search_term_string}"},"query-input":{"@type":"PropertyValueSpecification","valueRequired":true,"valueName":"search_term_string"}}],"inLanguage":"en-GB"},{"@type":"Organization","@id":"https:\/\/vracamsejerusalime.net\/#organization","name":"vracamsejerusalem.net","url":"https:\/\/vracamsejerusalime.net\/","logo":{"@type":"ImageObject","inLanguage":"en-GB","@id":"https:\/\/vracamsejerusalime.net\/#\/schema\/logo\/image\/","url":"https:\/\/vracamsejerusalime.net\/wp-content\/uploads\/2025\/12\/Logo-sajt.png","contentUrl":"https:\/\/vracamsejerusalime.net\/wp-content\/uploads\/2025\/12\/Logo-sajt.png","width":500,"height":500,"caption":"vracamsejerusalime.net"},"image":{"@id":"https:\/\/vracamsejerusalime.net\/#\/schema\/logo\/image\/"},"sameAs":["https:\/\/www.youtube.com\/@vracamsejerusalime2025","https:\/\/www.instagram.com\/vracam.se.jerusalime\/"]}]}},"_links":{"self":[{"href":"https:\/\/vracamsejerusalime.net\/en\/wp-json\/wp\/v2\/pages\/298","targetHints":{"allow":["GET"]}}],"collection":[{"href":"https:\/\/vracamsejerusalime.net\/en\/wp-json\/wp\/v2\/pages"}],"about":[{"href":"https:\/\/vracamsejerusalime.net\/en\/wp-json\/wp\/v2\/types\/page"}],"author":[{"embeddable":true,"href":"https:\/\/vracamsejerusalime.net\/en\/wp-json\/wp\/v2\/users\/1"}],"replies":[{"embeddable":true,"href":"https:\/\/vracamsejerusalime.net\/en\/wp-json\/wp\/v2\/comments?post=298"}],"version-history":[{"count":31,"href":"https:\/\/vracamsejerusalime.net\/en\/wp-json\/wp\/v2\/pages\/298\/revisions"}],"predecessor-version":[{"id":835,"href":"https:\/\/vracamsejerusalime.net\/en\/wp-json\/wp\/v2\/pages\/298\/revisions\/835"}],"wp:attachment":[{"href":"https:\/\/vracamsejerusalime.net\/en\/wp-json\/wp\/v2\/media?parent=298"}],"curies":[{"name":"wp","href":"https:\/\/api.w.org\/{rel}","templated":true}]}}